{"id":692,"date":"2025-01-09T10:05:12","date_gmt":"2025-01-09T10:05:12","guid":{"rendered":"http:\/\/silviaro.com\/?post_type=product&#038;p=692"},"modified":"2025-02-10T10:11:28","modified_gmt":"2025-02-10T10:11:28","slug":"denizati-mozaik-gumus-kolye-gokkusagi","status":"publish","type":"product","link":"https:\/\/silviaro.com\/tr_tr\/product\/denizati-mozaik-gumus-kolye-gokkusagi\/","title":{"rendered":"Denizat\u0131 Mozaik G\u00fcm\u00fc\u015f Kolye"},"content":{"rendered":"<h3><strong>Denizat\u0131 Tasar\u0131m\u0131n Hikayesi<br \/>\nG\u00f6kku\u015fa\u011f\u0131 Denizat\u0131<\/strong><\/h3>\n<p>Denizatlar\u0131, zarafetleri ve masals\u0131 g\u00f6r\u00fcn\u00fcmleriyle denizlerin b\u00fcy\u00fcl\u00fc yarat\u0131klar\u0131d\u0131r. Bu \u00f6zel tasar\u0131m, denizat\u0131 fig\u00fcr\u00fcn\u00fcn \u00f6zg\u00fcn g\u00fczelli\u011fini yans\u0131tmak i\u00e7in mikro mozaik sanat\u0131yla hayata ge\u00e7irilmi\u015ftir. Her bir mozaik par\u00e7as\u0131, sevgiyle yerle\u015ftirilmi\u015f ve deniz ya\u015fam\u0131n\u0131n sakinli\u011fini ve zarafetini yans\u0131tan bir g\u00f6rsel \u015f\u00f6len yarat\u0131lm\u0131\u015ft\u0131r.<\/p>\n<h3><strong>Malzeme ve \u0130\u015f\u00e7ilik<\/strong><\/h3>\n<ul>\n<li><strong>G\u00fcm\u00fc\u015f \u00c7er\u00e7eve:<\/strong> Kolyenin \u00e7er\u00e7evesi %925 ayar g\u00fcm\u00fc\u015ften \u00fcretilmi\u015f olup zamans\u0131z bir \u015f\u0131kl\u0131k sunar. G\u00fcm\u00fc\u015f, mozaik sanat\u0131n\u0131 \u00e7evreleyerek tasar\u0131m\u0131n sa\u011flaml\u0131\u011f\u0131n\u0131 ve zarafetini vurgular.<\/li>\n<li><strong>Mikro Mozaik:<\/strong> Her bir mozaik ta\u015f\u0131, \u00f6zenle tasarlanarak yerle\u015ftirilmi\u015ftir. Mozaikte kullan\u0131lan renkler, denizat\u0131n\u0131n do\u011fadaki canl\u0131l\u0131\u011f\u0131n\u0131 ve denizlerin huzurunu temsil eder.<\/li>\n<li><strong>Tecr\u00fcbe:<\/strong> Kolyemiz, 20 y\u0131l\u0131 a\u015fk\u0131n tecr\u00fcbeyle \u00fcretilen \u00f6zel tasar\u0131m bir sanat eseridir. Her tasar\u0131m, Silviaro&#8217;ya \u00f6zeldir.<\/li>\n<\/ul>\n<h3><strong>Sembolizm ve Anlam<\/strong><\/h3>\n<p>Denizatlar\u0131, sadakati, sevgiyi ve koruyuculu\u011fu temsil eder. Bu kolye, sevdiklerinize anlaml\u0131 bir hediye veya kendinize \u00f6zel bir zarafet dokunu\u015fu olabilir.<\/p>\n<p><strong>Bak\u0131m Talimatlar\u0131:<\/strong><br \/>\nKolye, uzun \u00f6m\u00fcrl\u00fc kullan\u0131m i\u00e7in dikkatle muhafaza edilmelidir. G\u00fcm\u00fc\u015f parlakl\u0131\u011f\u0131n\u0131 korumak i\u00e7in d\u00fczenli temizleme ve nemden uzak tutulmas\u0131 \u00f6nerilir. Temizlik yaparken mozaiklerin a\u015f\u0131nmamas\u0131 i\u00e7in temizleme s\u0131v\u0131s\u0131 yada kimyasal maddelerle temas etmekten \u00e7ekiniz.<\/p>\n<p><strong>Dikkatli Kullan\u0131m \u00d6nerisi<\/strong><br \/>\n\u00dcr\u00fcnlerimizin uzun \u00f6m\u00fcrl\u00fc olmas\u0131 ve ilk g\u00fcnk\u00fc g\u00fczelliklerini koruyabilmesi i\u00e7in l\u00fctfen a\u015fa\u011f\u0131daki noktalara dikkat ediniz:<\/p>\n<ul>\n<li>\u00dcr\u00fcnlerimizi deniz, havuz veya du\u015f s\u0131ras\u0131nda kullanmaktan ka\u00e7\u0131n\u0131n\u0131z. Su ve kimyasallar, \u00fcr\u00fcn\u00fcn zarar g\u00f6rmesine veya parlakl\u0131\u011f\u0131n\u0131 yitirmesine neden olabilir.<\/li>\n<li>\u00dcr\u00fcn\u00fc kullanmad\u0131\u011f\u0131n\u0131z zamanlarda kuru ve kapal\u0131 bir yerde saklaman\u0131z tavsiye edilir.<\/li>\n<\/ul>\n<p>Anlay\u0131\u015f\u0131n\u0131z ve \u00f6zeniniz i\u00e7in te\u015fekk\u00fcr ederiz!<\/p>\n","protected":false},"excerpt":{"rendered":"<p>\u00d6zel Teknikle haz\u0131rlanan bu e\u015fsiz denizat\u0131 mozaik kolye, 925 ayar g\u00fcm\u00fc\u015f \u00e7er\u00e7eve i\u00e7inde zarif bir tasar\u0131m sunar. Mikro mozaik tekni\u011fiyle olu\u015fturulan denizat\u0131 fig\u00fcr\u00fc, sadakati ve zarafeti simgeler. Her detay \u00f6zenle haz\u0131rlanm\u0131\u015f olup, benzersiz ve anlaml\u0131 bir aksesuar arayanlar i\u00e7in idealdir.<\/p>\n<p><strong>A\u011f\u0131rl\u0131k:<\/strong><br \/>\n<strong>\u00d6l\u00e7\u00fcler:\u00a0<\/strong><\/p>\n","protected":false},"featured_media":693,"comment_status":"open","ping_status":"closed","template":"","meta":[],"product_brand":[],"product_cat":[36,29],"product_tag":[101,98,100,99],"class_list":{"0":"post-692","1":"product","2":"type-product","3":"status-publish","4":"has-post-thumbnail","6":"product_cat-gumus-kolye","7":"product_cat-mozaik-taki","8":"product_tag-denizati-gumus-kolye","9":"product_tag-denizati-kolye","10":"product_tag-denizati-mozaik","11":"product_tag-denizati-mozaik-kolye","13":"first","14":"instock","15":"sale","16":"taxable","17":"shipping-taxable","18":"purchasable","19":"product-type-simple"},"jetpack_sharing_enabled":true,"_links":{"self":[{"href":"https:\/\/silviaro.com\/tr_tr\/wp-json\/wp\/v2\/product\/692","targetHints":{"allow":["GET"]}}],"collection":[{"href":"https:\/\/silviaro.com\/tr_tr\/wp-json\/wp\/v2\/product"}],"about":[{"href":"https:\/\/silviaro.com\/tr_tr\/wp-json\/wp\/v2\/types\/product"}],"replies":[{"embeddable":true,"href":"https:\/\/silviaro.com\/tr_tr\/wp-json\/wp\/v2\/comments?post=692"}],"wp:featuredmedia":[{"embeddable":true,"href":"https:\/\/silviaro.com\/tr_tr\/wp-json\/wp\/v2\/media\/693"}],"wp:attachment":[{"href":"https:\/\/silviaro.com\/tr_tr\/wp-json\/wp\/v2\/media?parent=692"}],"wp:term":[{"taxonomy":"product_brand","embeddable":true,"href":"https:\/\/silviaro.com\/tr_tr\/wp-json\/wp\/v2\/product_brand?post=692"},{"taxonomy":"product_cat","embeddable":true,"href":"https:\/\/silviaro.com\/tr_tr\/wp-json\/wp\/v2\/product_cat?post=692"},{"taxonomy":"product_tag","embeddable":true,"href":"https:\/\/silviaro.com\/tr_tr\/wp-json\/wp\/v2\/product_tag?post=692"}],"curies":[{"name":"wp","href":"https:\/\/api.w.org\/{rel}","templated":true}]}}