{"id":655,"date":"2025-01-07T12:50:03","date_gmt":"2025-01-07T12:50:03","guid":{"rendered":"http:\/\/silviaro.com\/?post_type=product&#038;p=655"},"modified":"2025-02-10T10:17:56","modified_gmt":"2025-02-10T10:17:56","slug":"hac-mozaik-kolye-kosa-siyah-altin","status":"publish","type":"product","link":"https:\/\/silviaro.com\/tr_tr\/product\/hac-mozaik-kolye-kosa-siyah-altin\/","title":{"rendered":"Ha\u00e7 Mozaik Kolye"},"content":{"rendered":"<p><strong>K\u00f6\u015feli Mozaik Ha\u00e7 \u2013 G\u00fcm\u00fc\u015f \u00c7er\u00e7eve<\/strong><\/p>\n<p>Bu e\u015fsiz k\u00f6\u015feli formdaki Ha\u00e7, incelikle i\u015flenmi\u015f mozaik detaylar\u0131yla manevi bir sembol\u00fc sanatsal bir ifadeye d\u00f6n\u00fc\u015ft\u00fcr\u00fcr. Her bir mozaik par\u00e7ac\u0131\u011f\u0131 \u00f6zenle tasarlanm\u0131\u015ft\u0131r. Zengin bir tarihi ge\u00e7mi\u015fi modern tasar\u0131mla bulu\u015fturur. Ha\u00e7\u0131n kare ve k\u00f6\u015feli formu, geleneksel motiflere \u00e7a\u011fda\u015f bir yorum getirirken, zarif g\u00fcm\u00fc\u015f \u00e7er\u00e7eve bu sanat eserine sofistike bir g\u00f6r\u00fcn\u00fcm kazand\u0131r\u0131r.<\/p>\n<p><strong>Tasar\u0131m \u00d6zellikleri:<\/strong><\/p>\n<ul>\n<li>Her par\u00e7a, \u00f6zenle ve titizlikle tasarlanm\u0131\u015ft\u0131r..<\/li>\n<li>Dayan\u0131kl\u0131 g\u00fcm\u00fc\u015f \u00e7er\u00e7eve: Uzun \u00f6m\u00fcrl\u00fc ve parlakl\u0131\u011f\u0131n\u0131 koruyan y\u00fcksek kaliteli 925 ayar g\u00fcm\u00fc\u015f kullan\u0131lm\u0131\u015ft\u0131r.<\/li>\n<li>\u0130nce mozaik i\u015f\u00e7ili\u011fi: Her bir mozaik par\u00e7as\u0131, renk uyumu ve estetik a\u00e7\u0131dan dikkatle se\u00e7ilmi\u015f ve yerle\u015ftirilmi\u015ftir.<\/li>\n<\/ul>\n<p><strong>Sembolizmi:<\/strong><br \/>\nK\u00f6\u015feli formdaki Ha\u00e7, sadece dini bir sembol de\u011fil, ayn\u0131 zamanda denge, koruma ve inan\u00e7 anlamlar\u0131n\u0131 ta\u015f\u0131r. Mozaik ta\u015flar\u0131n birle\u015fimi, hayat\u0131n farkl\u0131 par\u00e7alar\u0131n\u0131 ve inan\u00e7la bir araya gelen b\u00fct\u00fcnl\u00fc\u011f\u00fc temsil eder.<\/p>\n<p><strong>Kullan\u0131m Alanlar\u0131:<\/strong><br \/>\nBu e\u015fsiz tasar\u0131m, ki\u015fisel kullan\u0131m i\u00e7in oldu\u011fu kadar sevdiklerinize anlaml\u0131 bir hediye olarak da m\u00fckemmel bir se\u00e7imdir. Hem g\u00fcnl\u00fck hayatta hem de \u00f6zel g\u00fcnlerde zarafetinizi ve inanc\u0131n\u0131z\u0131 yans\u0131tan bir aksesuar olarak kullan\u0131labilir.<\/p>\n<p><strong>Bak\u0131m Talimatlar\u0131:<\/strong><br \/>\nKolye, uzun \u00f6m\u00fcrl\u00fc kullan\u0131m i\u00e7in dikkatle muhafaza edilmelidir. G\u00fcm\u00fc\u015f parlakl\u0131\u011f\u0131n\u0131 korumak i\u00e7in d\u00fczenli temizleme ve nemden uzak tutulmas\u0131 \u00f6nerilir. Temizlik yaparken mozaiklerin a\u015f\u0131nmamas\u0131 i\u00e7in temizleme s\u0131v\u0131s\u0131 yada kimyasal maddelerle temas etmekten \u00e7ekiniz.<\/p>\n<p><strong>Dikkatli Kullan\u0131m \u00d6nerisi<\/strong><br \/>\n\u00dcr\u00fcnlerimizin uzun \u00f6m\u00fcrl\u00fc olmas\u0131 ve ilk g\u00fcnk\u00fc g\u00fczelliklerini koruyabilmesi i\u00e7in l\u00fctfen a\u015fa\u011f\u0131daki noktalara dikkat ediniz:<\/p>\n<ul>\n<li>\u00dcr\u00fcnlerimizi deniz, havuz veya du\u015f s\u0131ras\u0131nda kullanmaktan ka\u00e7\u0131n\u0131n\u0131z. Su ve kimyasallar, \u00fcr\u00fcn\u00fcn zarar g\u00f6rmesine veya parlakl\u0131\u011f\u0131n\u0131 yitirmesine neden olabilir.<\/li>\n<li>\u00dcr\u00fcn\u00fc kullanmad\u0131\u011f\u0131n\u0131z zamanlarda kuru ve kapal\u0131 bir yerde saklaman\u0131z tavsiye edilir.<\/li>\n<\/ul>\n<p>Anlay\u0131\u015f\u0131n\u0131z ve \u00f6zeniniz i\u00e7in te\u015fekk\u00fcr ederiz!<\/p>\n","protected":false},"excerpt":{"rendered":"<p>Bu e\u015fsiz k\u00f6\u015feli Ha\u00e7, el i\u015f\u00e7ili\u011fiyle haz\u0131rlanm\u0131\u015f mozaik detaylar\u0131 ve zarif g\u00fcm\u00fc\u015f \u00e7er\u00e7evesiyle dikkat \u00e7eker. Maneviyat\u0131 ve sanat\u0131 birle\u015ftiren tasar\u0131m, inanc\u0131n sembol\u00fc olmas\u0131n\u0131n yan\u0131 s\u0131ra zamans\u0131z bir aksesuar olarak da \u00f6ne \u00e7\u0131kar. Hem kendiniz hem de sevdikleriniz i\u00e7in anlaml\u0131 bir hediye se\u00e7ene\u011fi!<br \/>\n<strong>A\u011f\u0131rl\u0131k:<\/strong><br \/>\n<strong>\u00d6l\u00e7\u00fcler:\u00a0<\/strong><\/p>\n","protected":false},"featured_media":656,"comment_status":"open","ping_status":"closed","template":"","meta":[],"product_brand":[],"product_cat":[36,29],"product_tag":[120,91],"class_list":{"0":"post-655","1":"product","2":"type-product","3":"status-publish","4":"has-post-thumbnail","6":"product_cat-gumus-kolye","7":"product_cat-mozaik-taki","8":"product_tag-hac-mozaik-kolye","9":"product_tag-mozaik-gumus-kolye","11":"first","12":"instock","13":"sale","14":"taxable","15":"shipping-taxable","16":"purchasable","17":"product-type-simple"},"jetpack_sharing_enabled":true,"_links":{"self":[{"href":"https:\/\/silviaro.com\/tr_tr\/wp-json\/wp\/v2\/product\/655","targetHints":{"allow":["GET"]}}],"collection":[{"href":"https:\/\/silviaro.com\/tr_tr\/wp-json\/wp\/v2\/product"}],"about":[{"href":"https:\/\/silviaro.com\/tr_tr\/wp-json\/wp\/v2\/types\/product"}],"replies":[{"embeddable":true,"href":"https:\/\/silviaro.com\/tr_tr\/wp-json\/wp\/v2\/comments?post=655"}],"wp:featuredmedia":[{"embeddable":true,"href":"https:\/\/silviaro.com\/tr_tr\/wp-json\/wp\/v2\/media\/656"}],"wp:attachment":[{"href":"https:\/\/silviaro.com\/tr_tr\/wp-json\/wp\/v2\/media?parent=655"}],"wp:term":[{"taxonomy":"product_brand","embeddable":true,"href":"https:\/\/silviaro.com\/tr_tr\/wp-json\/wp\/v2\/product_brand?post=655"},{"taxonomy":"product_cat","embeddable":true,"href":"https:\/\/silviaro.com\/tr_tr\/wp-json\/wp\/v2\/product_cat?post=655"},{"taxonomy":"product_tag","embeddable":true,"href":"https:\/\/silviaro.com\/tr_tr\/wp-json\/wp\/v2\/product_tag?post=655"}],"curies":[{"name":"wp","href":"https:\/\/api.w.org\/{rel}","templated":true}]}}