{"id":482,"date":"2024-12-20T08:06:51","date_gmt":"2024-12-20T08:06:51","guid":{"rendered":"http:\/\/silviaro.com\/?post_type=product&#038;p=482"},"modified":"2025-02-10T10:35:50","modified_gmt":"2025-02-10T10:35:50","slug":"afrodit-mozaik-gumus-kolye","status":"publish","type":"product","link":"https:\/\/silviaro.com\/tr_tr\/product\/afrodit-mozaik-gumus-kolye\/","title":{"rendered":"Afrodit Mozaik G\u00fcm\u00fc\u015f Kolye"},"content":{"rendered":"<p>Afrodit Mozaik G\u00fcm\u00fc\u015f Kolye, a\u015fk\u0131n ve g\u00fczelli\u011fin tanr\u0131\u00e7as\u0131 Afrodit\u2019ten ilham al\u0131narak tasarlanm\u0131\u015ft\u0131r. El i\u015f\u00e7ili\u011fi ile g\u00fcm\u00fc\u015f \u00fczerine mikro mozaik tekni\u011fiyle haz\u0131rlanm\u0131\u015f bu e\u015fsiz kolye, zarafeti ve sanat\u0131n ince detaylar\u0131n\u0131 bir araya getiriyor. Her bir par\u00e7as\u0131 b\u00fcy\u00fck bir \u00f6zenle i\u015flenen kolye, \u015f\u0131kl\u0131\u011f\u0131na anlam katmak isteyenler i\u00e7in m\u00fckemmel bir se\u00e7imdir. Hem g\u00fcnl\u00fck kullan\u0131ma uygun, hem de \u00f6zel g\u00fcnlerinizde tarz\u0131n\u0131z\u0131 tamamlayacak bu \u00f6zel tasar\u0131m, zamans\u0131z bir sanat eseridir. Afrodit\u2019in g\u00fczelli\u011fini ve sevginin g\u00fcc\u00fcn\u00fc boynunuzda ta\u015f\u0131mak i\u00e7in bu e\u015fsiz kolyeyi ke\u015ffedin.<\/p>\n<p>925 Ayar G\u00fcm\u00fc\u015f \u00fczerine i\u015flenen mozaik size ve sevdiklerinize farkl\u0131 bir tasar\u0131mla ta\u00e7land\u0131r\u0131lacak.<\/p>\n","protected":false},"excerpt":{"rendered":"<p>Afrodit Mozaik G\u00fcm\u00fc\u015f Kolye, a\u015fk ve g\u00fczelli\u011fin simgesi. Sanatsal i\u015f\u00e7ili\u011fi ile haz\u0131rlanan bu \u00f6zel tasar\u0131m, zarafeti ve sanat\u0131 bir araya getiriyor. \u015e\u0131kl\u0131\u011f\u0131n\u0131z\u0131 tamamlay\u0131n!<\/p>\n","protected":false},"featured_media":554,"comment_status":"open","ping_status":"closed","template":"","meta":[],"product_brand":[],"product_cat":[36,29],"product_tag":[84,88,85,83,82,87,86],"class_list":{"0":"post-482","1":"product","2":"type-product","3":"status-publish","4":"has-post-thumbnail","6":"product_cat-gumus-kolye","7":"product_cat-mozaik-taki","8":"product_tag-afrodit-kolye","9":"product_tag-afrodit-mozaik-kolye","10":"product_tag-afrodit-taki","11":"product_tag-gumus-kolye","12":"product_tag-mozaik-kolye","13":"product_tag-venus-mozaik-kolye","14":"product_tag-yunan-mitolojisi-taki","16":"first","17":"instock","18":"sale","19":"taxable","20":"shipping-taxable","21":"purchasable","22":"product-type-simple"},"jetpack_sharing_enabled":true,"_links":{"self":[{"href":"https:\/\/silviaro.com\/tr_tr\/wp-json\/wp\/v2\/product\/482","targetHints":{"allow":["GET"]}}],"collection":[{"href":"https:\/\/silviaro.com\/tr_tr\/wp-json\/wp\/v2\/product"}],"about":[{"href":"https:\/\/silviaro.com\/tr_tr\/wp-json\/wp\/v2\/types\/product"}],"replies":[{"embeddable":true,"href":"https:\/\/silviaro.com\/tr_tr\/wp-json\/wp\/v2\/comments?post=482"}],"wp:featuredmedia":[{"embeddable":true,"href":"https:\/\/silviaro.com\/tr_tr\/wp-json\/wp\/v2\/media\/554"}],"wp:attachment":[{"href":"https:\/\/silviaro.com\/tr_tr\/wp-json\/wp\/v2\/media?parent=482"}],"wp:term":[{"taxonomy":"product_brand","embeddable":true,"href":"https:\/\/silviaro.com\/tr_tr\/wp-json\/wp\/v2\/product_brand?post=482"},{"taxonomy":"product_cat","embeddable":true,"href":"https:\/\/silviaro.com\/tr_tr\/wp-json\/wp\/v2\/product_cat?post=482"},{"taxonomy":"product_tag","embeddable":true,"href":"https:\/\/silviaro.com\/tr_tr\/wp-json\/wp\/v2\/product_tag?post=482"}],"curies":[{"name":"wp","href":"https:\/\/api.w.org\/{rel}","templated":true}]}}