{"id":1245,"date":"2025-02-28T09:40:18","date_gmt":"2025-02-28T09:40:18","guid":{"rendered":"https:\/\/silviaro.com\/?post_type=product&#038;p=1245"},"modified":"2025-04-07T07:19:20","modified_gmt":"2025-04-07T07:19:20","slug":"silviaro-pure-koleksiyonu-siyah-rodaj-ve-altin-kaplama-gumus-yuzuk","status":"publish","type":"product","link":"https:\/\/silviaro.com\/tr_tr\/product\/silviaro-pure-koleksiyonu-siyah-rodaj-ve-altin-kaplama-gumus-yuzuk\/","title":{"rendered":"Silviaro Pure Koleksiyonu \u2013 Siyah Rodaj ve Alt\u0131n Kaplama G\u00fcm\u00fc\u015f Y\u00fcz\u00fck PU009"},"content":{"rendered":"<p data-start=\"80\" data-end=\"369\"><strong data-start=\"80\" data-end=\"109\">Silviaro Pure Koleksiyonu<\/strong>, yal\u0131n ve zamans\u0131z tasar\u0131mlarla modern m\u00fccevher anlay\u0131\u015f\u0131na yeni bir soluk getiriyor. Bu koleksiyonun bir par\u00e7as\u0131 olan <strong data-start=\"228\" data-end=\"272\">siyah rodaj ve alt\u0131n kaplama g\u00fcm\u00fc\u015f y\u00fcz\u00fck<\/strong>, minimalizmin g\u00fcc\u00fcn\u00fc sofistike detaylarla birle\u015ftirerek, sade ama etkileyici bir stil sunuyor.<\/p>\n<p data-start=\"371\" data-end=\"768\"><strong data-start=\"371\" data-end=\"416\">925 ayar g\u00fcm\u00fc\u015ften \u00fcretilmi\u015f olan bu y\u00fcz\u00fck<\/strong>, g\u00fc\u00e7l\u00fc ve ak\u0131c\u0131 formlar\u0131yla saf bir estetik anlay\u0131\u015f\u0131n\u0131 yans\u0131t\u0131yor. <strong data-start=\"484\" data-end=\"507\">Siyah rodaj kaplama<\/strong>, y\u00fcz\u00fc\u011fe derinlik kazand\u0131r\u0131rken, \u00fcst y\u00fczeyde kullan\u0131lan <strong data-start=\"563\" data-end=\"589\">alt\u0131n kaplama detaylar<\/strong>, s\u0131cak ve \u00e7arp\u0131c\u0131 bir kontrast olu\u015fturuyor. Do\u011fadan ilham alan k\u0131vr\u0131ml\u0131 formu, y\u00fcz\u00fc\u011fe hareket ve dinamizm kazand\u0131rarak onu hem klasik hem de modern bir m\u00fccevher haline getiriyor.<\/p>\n<h3 data-start=\"775\" data-end=\"816\"><strong data-start=\"779\" data-end=\"814\">Tasar\u0131m\u0131n \u00d6ne \u00c7\u0131kan \u00d6zellikleri<\/strong><\/h3>\n<p data-start=\"817\" data-end=\"1149\">&#x1f539; <strong data-start=\"820\" data-end=\"835\">Koleksiyon:<\/strong> Silviaro Pure<br data-start=\"849\" data-end=\"852\" \/>&#x1f539; <strong data-start=\"855\" data-end=\"867\">Malzeme:<\/strong> 925 ayar g\u00fcm\u00fc\u015f<br data-start=\"882\" data-end=\"885\" \/>&#x1f539; <strong data-start=\"888\" data-end=\"900\">Kaplama:<\/strong> Siyah rodaj ve 24K alt\u0131n kaplama<br data-start=\"933\" data-end=\"936\" \/>&#x1f539; <strong data-start=\"939\" data-end=\"951\">Tasar\u0131m:<\/strong> Organik ve ak\u0131\u015fkan hatlar<br data-start=\"977\" data-end=\"980\" \/>&#x1f539; <strong data-start=\"983\" data-end=\"999\">El \u0130\u015f\u00e7ili\u011fi:<\/strong> \u00d6zenle \u015fekillendirilmi\u015f, benzersiz detaylar<br data-start=\"1043\" data-end=\"1046\" \/>&#x1f539; <strong data-start=\"1049\" data-end=\"1058\">Stil:<\/strong> Minimal, modern ve zamans\u0131z<br data-start=\"1086\" data-end=\"1089\" \/>&#x1f539; <strong data-start=\"1092\" data-end=\"1105\">Kullan\u0131m:<\/strong> G\u00fcnl\u00fck \u015f\u0131kl\u0131k ve \u00f6zel davetler i\u00e7in ideal<\/p>\n<h3 data-start=\"1156\" data-end=\"1212\"><strong data-start=\"1160\" data-end=\"1210\">Pure Koleksiyonu\u2019nun Ruhunu Yans\u0131tan Bir Par\u00e7a<\/strong><\/h3>\n<p data-start=\"1214\" data-end=\"1484\">Silviaro\u2019nun <strong data-start=\"1227\" data-end=\"1247\">Pure Koleksiyonu<\/strong>, do\u011fan\u0131n m\u00fckemmel formlar\u0131n\u0131 ve malzemelerin saf g\u00fczelli\u011fini \u00f6n plana \u00e7\u0131karan zamans\u0131z m\u00fccevherlerden olu\u015fuyor. Bu y\u00fcz\u00fck de <strong data-start=\"1372\" data-end=\"1415\">koleksiyonun temel felsefesini yans\u0131tan<\/strong> bir par\u00e7a olarak, <strong data-start=\"1434\" data-end=\"1470\">sadelikteki \u015f\u0131kl\u0131\u011f\u0131 ve \u00f6zg\u00fcnl\u00fc\u011f\u00fc<\/strong> vurguluyor.<\/p>\n<p data-start=\"1486\" data-end=\"1742\">Y\u00fcz\u00fc\u011f\u00fcn <strong data-start=\"1494\" data-end=\"1520\">ak\u0131\u015fkan ve do\u011fal formu<\/strong>, do\u011fadaki organik \u015fekillerden ilham al\u0131narak tasarland\u0131. Dalgalar\u0131n yumu\u015fak hareketlerini and\u0131ran k\u0131vr\u0131ml\u0131 y\u00fczeyi, <strong data-start=\"1636\" data-end=\"1683\">\u0131\u015f\u0131\u011f\u0131n y\u00fczeyde farkl\u0131 a\u00e7\u0131lardan yans\u0131mas\u0131n\u0131<\/strong> sa\u011flayarak <strong data-start=\"1695\" data-end=\"1731\">dinamik ve g\u00f6z al\u0131c\u0131 bir g\u00f6r\u00fcn\u00fcm<\/strong> sunuyor.<\/p>\n<h3 data-start=\"1749\" data-end=\"1777\"><strong data-start=\"1753\" data-end=\"1775\">Malzeme ve \u0130\u015f\u00e7ilik<\/strong><\/h3>\n<p data-start=\"1779\" data-end=\"2077\">Bu \u00f6zel y\u00fcz\u00fck, <strong data-start=\"1794\" data-end=\"1830\">925 ayar g\u00fcm\u00fc\u015ften \u00fcretilmi\u015f olup<\/strong>, y\u00fczeyinde <strong data-start=\"1842\" data-end=\"1865\">siyah rodaj kaplama<\/strong> ile cesur ve modern bir duru\u015f sergiliyor. Siyah rodaj, yaln\u0131zca estetik a\u00e7\u0131dan \u00e7arp\u0131c\u0131 bir etki yaratmakla kalmaz, ayn\u0131 zamanda y\u00fcz\u00fc\u011f\u00fcn y\u00fczeyini oksitlenmeye ve d\u0131\u015f etkenlere kar\u015f\u0131 daha dayan\u0131kl\u0131 hale getirir.<\/p>\n<p data-start=\"2079\" data-end=\"2361\">\u00dcst y\u00fczeyde yer alan <strong data-start=\"2100\" data-end=\"2130\">24K alt\u0131n kaplama detaylar<\/strong>, y\u00fcz\u00fc\u011fe s\u0131cak bir parlakl\u0131k kazand\u0131rarak <strong data-start=\"2172\" data-end=\"2240\">siyah rodaj\u0131n koyu tonlar\u0131yla sofistike bir kontrast olu\u015fturuyor<\/strong>. Bu ge\u00e7i\u015f, y\u00fcz\u00fc\u011f\u00fcn farkl\u0131 \u0131\u015f\u0131k a\u00e7\u0131lar\u0131nda de\u011fi\u015fen bir etkiye sahip olmas\u0131n\u0131 sa\u011fl\u0131yor ve tasar\u0131m\u0131n dinamizmini art\u0131r\u0131yor.<\/p>\n<p data-start=\"2363\" data-end=\"2719\">Her bir y\u00fcz\u00fck, <strong data-start=\"2378\" data-end=\"2445\">Silviaro\u2019nun uzman zanaatk\u00e2rlar\u0131 taraf\u0131ndan titizlikle i\u015flenmi\u015f<\/strong> ve koleksiyonun ruhunu en iyi \u015fekilde yans\u0131tan <strong data-start=\"2493\" data-end=\"2516\">benzersiz bir par\u00e7a<\/strong> olarak \u00fcretilmi\u015ftir. Pure Koleksiyonu\u2019ndaki her par\u00e7a gibi, bu y\u00fcz\u00fck de <strong data-start=\"2589\" data-end=\"2657\">el i\u015f\u00e7ili\u011fiyle detayland\u0131r\u0131lm\u0131\u015f, hassas dokunu\u015flarla tamamlanm\u0131\u015f<\/strong> ve en y\u00fcksek kalite standartlar\u0131na uygun olarak \u00fcretilmi\u015ftir.<\/p>\n<hr data-start=\"2721\" data-end=\"2724\" \/>\n<h3 data-start=\"2726\" data-end=\"2760\"><strong data-start=\"2730\" data-end=\"2758\">Stil ve Kombin \u00d6nerileri<\/strong><\/h3>\n<p data-start=\"2762\" data-end=\"2907\">Silviaro Pure Koleksiyonu\u2019nun bu zarif par\u00e7as\u0131, <strong data-start=\"2810\" data-end=\"2882\">hem g\u00fcnl\u00fck kullan\u0131mla hem de \u00f6zel g\u00fcnlerde kolayca kombinlenebilecek<\/strong> bir tasar\u0131ma sahiptir.<\/p>\n<p data-start=\"2909\" data-end=\"3323\">&#x2714;&#xfe0f; G\u00fcnl\u00fck kullan\u0131mda <strong data-start=\"2930\" data-end=\"2953\">minimal bir g\u00f6r\u00fcn\u00fcm<\/strong> yaratmak i\u00e7in sade g\u00fcm\u00fc\u015f veya alt\u0131n aksesuarlarla tamamlanabilir.<br data-start=\"3019\" data-end=\"3022\" \/>&#x2714;&#xfe0f; \u00d6zel davetlerde, siyah ve alt\u0131n renklerin \u00e7arp\u0131c\u0131 uyumunu vurgulayan koyu tonlu k\u0131yafetlerle e\u015fle\u015ftirilerek <strong data-start=\"3133\" data-end=\"3171\">sofistike bir stil elde edilebilir<\/strong>.<br data-start=\"3172\" data-end=\"3175\" \/>&#x2714;&#xfe0f; Farkl\u0131 m\u00fccevherlerle kombinlenerek, hem klasik hem de modern tarzlara uyum sa\u011flayacak <strong data-start=\"3264\" data-end=\"3298\">esnek ve zamans\u0131z bir aksesuar<\/strong> olarak kullan\u0131labilir.<\/p>\n<hr data-start=\"3325\" data-end=\"3328\" \/>\n<h3 data-start=\"3330\" data-end=\"3388\"><strong data-start=\"3334\" data-end=\"3386\">Silviaro Pure Koleksiyonu ile \u00d6zg\u00fcnl\u00fc\u011f\u00fc Ke\u015ffedin<\/strong><\/h3>\n<p data-start=\"3390\" data-end=\"3637\">Silviaro Pure Koleksiyonu, <strong data-start=\"3417\" data-end=\"3446\">sadelikten do\u011fan esteti\u011fi<\/strong> ve <strong data-start=\"3450\" data-end=\"3527\">m\u00fckemmelli\u011fi arayanlar i\u00e7in tasarlanm\u0131\u015f benzersiz m\u00fccevherlerden olu\u015fuyor<\/strong>. Bu y\u00fcz\u00fck, hem g\u00fc\u00e7l\u00fc hem de zarif bir duru\u015f sergileyerek <strong data-start=\"3585\" data-end=\"3634\">her an\u0131n \u00f6zel hissettirilmesi i\u00e7in tasarland\u0131<\/strong>.<\/p>\n<p data-start=\"3639\" data-end=\"3840\">&#x1f33f; <strong data-start=\"3642\" data-end=\"3672\">Do\u011fadan ilham alan tasar\u0131m<\/strong><br data-start=\"3672\" data-end=\"3675\" \/>&#x1f48e; <strong data-start=\"3678\" data-end=\"3739\">Saf g\u00fcm\u00fc\u015f, siyah rodaj ve alt\u0131n kaplaman\u0131n m\u00fckemmel uyumu<\/strong><br data-start=\"3739\" data-end=\"3742\" \/>&#x1f6e0;&#xfe0f; <strong data-start=\"3746\" data-end=\"3790\">Usta i\u015f\u00e7ilikle \u00fcretilmi\u015f e\u015fsiz bir par\u00e7a<\/strong><br data-start=\"3790\" data-end=\"3793\" \/>&#x2728; <strong data-start=\"3795\" data-end=\"3838\">Zamans\u0131z, modern ve sofistike bir duru\u015f<\/strong><\/p>\n","protected":false},"excerpt":{"rendered":"<h3 data-start=\"0\" data-end=\"78\"><strong data-start=\"4\" data-end=\"76\">Silviaro Pure Koleksiyonu \u2013 Siyah Rodaj ve Alt\u0131n Kaplama G\u00fcm\u00fc\u015f Y\u00fcz\u00fck<\/strong><\/h3>\n<p data-start=\"80\" data-end=\"373\">Silviaro Pure Koleksiyonu\u2019nun bu \u00f6zg\u00fcn tasar\u0131m\u0131, <strong data-start=\"129\" data-end=\"147\">925 ayar g\u00fcm\u00fc\u015f<\/strong>, <strong data-start=\"149\" data-end=\"172\">siyah rodaj kaplama<\/strong> ve <strong data-start=\"176\" data-end=\"199\">alt\u0131n kaplama<\/strong>\u00a0ile modern ve zamans\u0131z bir stil sunuyor. <strong data-start=\"241\" data-end=\"269\">Organik ve ak\u0131\u015fkan formu<\/strong>, do\u011fadan ilham alarak \u015fekillendirilmi\u015f olup, sofistike bir kontrast ve dinamik bir g\u00f6r\u00fcn\u00fcm yarat\u0131yor.<\/p>\n<p data-start=\"375\" data-end=\"680\">El i\u015f\u00e7ili\u011fiyle \u00fcretilen bu y\u00fcz\u00fck, hem g\u00fcnl\u00fck kullan\u0131ma hem de \u00f6zel davetlere uyum sa\u011flayarak <strong data-start=\"468\" data-end=\"505\">minimal, zarif ve g\u00fc\u00e7l\u00fc bir duru\u015f<\/strong> sergiliyor. Siyah rodaj\u0131n gizemli etkisiyle alt\u0131n\u0131n s\u0131cak \u0131\u015f\u0131lt\u0131s\u0131n\u0131 bulu\u015fturan bu \u00f6zel tasar\u0131m, <strong data-start=\"603\" data-end=\"658\">Silviaro\u2019nun yenilik\u00e7i m\u00fccevher anlay\u0131\u015f\u0131n\u0131 yans\u0131tan<\/strong> e\u015fsiz bir par\u00e7ad\u0131r.<\/p>\n","protected":false},"featured_media":1246,"comment_status":"open","ping_status":"closed","template":"","meta":[],"product_brand":[],"product_cat":[79,23],"product_tag":[349,350,305,351],"class_list":{"0":"post-1245","1":"product","2":"type-product","3":"status-publish","4":"has-post-thumbnail","6":"product_cat-pure","7":"product_cat-gumus-yuzuk","8":"product_tag-altin-kaplama-yuzuk","9":"product_tag-cift-renkli-yuzuk","10":"product_tag-gumus-yuzuk","11":"product_tag-ozel-tasarim-gumus-yuzuk","13":"first","14":"instock","15":"sale","16":"taxable","17":"shipping-taxable","18":"purchasable","19":"product-type-simple"},"jetpack_sharing_enabled":true,"_links":{"self":[{"href":"https:\/\/silviaro.com\/tr_tr\/wp-json\/wp\/v2\/product\/1245","targetHints":{"allow":["GET"]}}],"collection":[{"href":"https:\/\/silviaro.com\/tr_tr\/wp-json\/wp\/v2\/product"}],"about":[{"href":"https:\/\/silviaro.com\/tr_tr\/wp-json\/wp\/v2\/types\/product"}],"replies":[{"embeddable":true,"href":"https:\/\/silviaro.com\/tr_tr\/wp-json\/wp\/v2\/comments?post=1245"}],"wp:featuredmedia":[{"embeddable":true,"href":"https:\/\/silviaro.com\/tr_tr\/wp-json\/wp\/v2\/media\/1246"}],"wp:attachment":[{"href":"https:\/\/silviaro.com\/tr_tr\/wp-json\/wp\/v2\/media?parent=1245"}],"wp:term":[{"taxonomy":"product_brand","embeddable":true,"href":"https:\/\/silviaro.com\/tr_tr\/wp-json\/wp\/v2\/product_brand?post=1245"},{"taxonomy":"product_cat","embeddable":true,"href":"https:\/\/silviaro.com\/tr_tr\/wp-json\/wp\/v2\/product_cat?post=1245"},{"taxonomy":"product_tag","embeddable":true,"href":"https:\/\/silviaro.com\/tr_tr\/wp-json\/wp\/v2\/product_tag?post=1245"}],"curies":[{"name":"wp","href":"https:\/\/api.w.org\/{rel}","templated":true}]}}