{"id":1240,"date":"2025-02-28T08:56:25","date_gmt":"2025-02-28T08:56:25","guid":{"rendered":"https:\/\/silviaro.com\/?post_type=product&#038;p=1240"},"modified":"2025-03-04T10:21:14","modified_gmt":"2025-03-04T10:21:14","slug":"pure-koleksiyonu-mat-siyah-rodaj-kaplamali-el-yapimi-gumus-yuzuk","status":"publish","type":"product","link":"https:\/\/silviaro.com\/tr_tr\/product\/pure-koleksiyonu-mat-siyah-rodaj-kaplamali-el-yapimi-gumus-yuzuk\/","title":{"rendered":"Pure Koleksiyonu \u2013 Mat Siyah Rodaj Kaplamal\u0131 El Yap\u0131m\u0131 G\u00fcm\u00fc\u015f Y\u00fcz\u00fck PU004"},"content":{"rendered":"<p data-start=\"78\" data-end=\"484\">Pure Koleksiyonu\u2019nun bu g\u00fc\u00e7l\u00fc ve cesur tasar\u0131m\u0131, <strong data-start=\"127\" data-end=\"172\">minimalizmin en sade ve etkileyici halini<\/strong> yans\u0131t\u0131yor. <strong data-start=\"185\" data-end=\"229\">925 ayar g\u00fcm\u00fc\u015ften tamamen elde \u00fcretilmi\u015f<\/strong> olan bu y\u00fcz\u00fck, <strong data-start=\"245\" data-end=\"274\">mat siyah rodaj kaplamas\u0131<\/strong> ile modern ve sofistike bir g\u00f6r\u00fcn\u00fcm kazanm\u0131\u015ft\u0131r. <strong data-start=\"324\" data-end=\"352\">Hacimli ve k\u00fcresel formu<\/strong>, \u0131\u015f\u0131\u011f\u0131 yumu\u015fak bir \u015fekilde da\u011f\u0131tarak g\u00f6lgeler ve derinlik olu\u015fturur, b\u00f6ylece hem modern hem de zamans\u0131z bir tasar\u0131m ortaya \u00e7\u0131kar.<\/p>\n<h4 data-start=\"486\" data-end=\"513\"><strong data-start=\"491\" data-end=\"511\">Tasar\u0131m ve \u0130lham<\/strong><\/h4>\n<p data-start=\"514\" data-end=\"870\">Bu y\u00fcz\u00fck, <strong data-start=\"524\" data-end=\"546\">heykelsi bir forma<\/strong> sahip olup, <strong data-start=\"559\" data-end=\"579\">sadelik ve g\u00fcc\u00fcn<\/strong> birle\u015fimini simgeliyor. <strong data-start=\"604\" data-end=\"668\">D\u00fcz hatlardan ve s\u00fcslemelerden uzak, \u00e7arp\u0131c\u0131 bir hacme sahip<\/strong> olan bu par\u00e7a, sade ama dikkat \u00e7ekici tasar\u0131m\u0131yla karakter sahibi bir tak\u0131 arayanlar i\u00e7in ideal. <strong data-start=\"766\" data-end=\"786\">Mat siyah y\u00fczeyi<\/strong>, \u0131\u015f\u0131\u011f\u0131 yans\u0131tmak yerine emer, b\u00f6ylece y\u00fcz\u00fc\u011fe derin ve mistik bir etki kazand\u0131r\u0131r.<\/p>\n<h4 data-start=\"872\" data-end=\"901\"><strong data-start=\"877\" data-end=\"899\">Malzeme ve \u0130\u015f\u00e7ilik<\/strong><\/h4>\n<ul data-start=\"902\" data-end=\"1204\">\n<li data-start=\"902\" data-end=\"971\"><strong data-start=\"904\" data-end=\"922\">925 ayar g\u00fcm\u00fc\u015f<\/strong> kullan\u0131larak tamamen elde \u015fekillendirilmi\u015ftir.<\/li>\n<li data-start=\"972\" data-end=\"1095\"><strong data-start=\"974\" data-end=\"1001\">Mat siyah rodaj kaplama<\/strong>, y\u00fcz\u00fc\u011fe modern ve g\u00fc\u00e7l\u00fc bir karakter kazand\u0131r\u0131rken, oksitlenmeye kar\u015f\u0131 dayan\u0131kl\u0131l\u0131k sa\u011flar.<\/li>\n<li data-start=\"1096\" data-end=\"1204\">Y\u00fcz\u00fc\u011f\u00fcn i\u00e7 k\u0131sm\u0131 da siyah kaplama ile tamamlanarak <strong data-start=\"1149\" data-end=\"1185\">b\u00fct\u00fcnc\u00fcl ve kusursuz bir estetik<\/strong> elde edilmi\u015ftir.<\/li>\n<\/ul>\n<h4 data-start=\"1206\" data-end=\"1231\"><strong data-start=\"1211\" data-end=\"1229\">Stil \u00d6nerileri<\/strong><\/h4>\n<p data-start=\"1232\" data-end=\"1559\">Bu y\u00fcz\u00fck, <strong data-start=\"1242\" data-end=\"1302\">cesur ve minimalist stilin m\u00fckemmel bir tamamlay\u0131c\u0131s\u0131d\u0131r<\/strong>. G\u00fcnl\u00fck kullan\u0131mlarda, monokrom ve modern kombinlerle kusursuz bir uyum sa\u011flar. Gece \u015f\u0131kl\u0131\u011f\u0131nda ise <strong data-start=\"1403\" data-end=\"1440\">iddial\u0131 ve sofistike bir aksesuar<\/strong> olarak \u00f6ne \u00e7\u0131kar. Unisex tasar\u0131m\u0131 sayesinde hem kad\u0131nlar hem de erkekler i\u00e7in <strong data-start=\"1519\" data-end=\"1541\">zamans\u0131z bir par\u00e7a<\/strong> niteli\u011findedir.<\/p>\n<h4 data-start=\"1561\" data-end=\"1596\"><strong data-start=\"1566\" data-end=\"1594\">El Yap\u0131m\u0131 &amp; Benzersizlik<\/strong><\/h4>\n<p data-start=\"1597\" data-end=\"1743\">Her y\u00fcz\u00fck <strong data-start=\"1607\" data-end=\"1635\">el i\u015f\u00e7ili\u011fiyle \u00fcretilmi\u015f<\/strong> olup, <strong data-start=\"1642\" data-end=\"1664\">k\u00fc\u00e7\u00fck farkl\u0131l\u0131klar<\/strong> i\u00e7erir ve bu da her par\u00e7ay\u0131 <strong data-start=\"1693\" data-end=\"1725\">kendine \u00f6zg\u00fc bir sanat eseri<\/strong> haline getirir.<\/p>\n<p data-start=\"1745\" data-end=\"1922\"><strong data-start=\"1745\" data-end=\"1920\">Sade, g\u00fc\u00e7l\u00fc ve sofistike bir ifade arayanlar i\u00e7in tasarland\u0131. Modern m\u00fccevher anlay\u0131\u015f\u0131n\u0131 yeniden tan\u0131mlayan bu benzersiz y\u00fcz\u00fck, sizi yans\u0131tan zamans\u0131z bir aksesuar olacak.<\/strong><\/p>\n<p data-start=\"1745\" data-end=\"1922\">\n","protected":false},"excerpt":{"rendered":"<h3 data-start=\"0\" data-end=\"76\"><strong data-start=\"4\" data-end=\"74\">Pure Koleksiyonu \u2013 Mat Siyah Rodaj Kaplamal\u0131 El Yap\u0131m\u0131 G\u00fcm\u00fc\u015f Y\u00fcz\u00fck<\/strong><\/h3>\n<p data-start=\"78\" data-end=\"342\">Minimalizmin en g\u00fc\u00e7l\u00fc ifadesi! <strong data-start=\"109\" data-end=\"153\">925 ayar g\u00fcm\u00fc\u015ften tamamen elde \u00fcretilmi\u015f<\/strong> bu y\u00fcz\u00fck, <strong data-start=\"164\" data-end=\"193\">mat siyah rodaj kaplamas\u0131<\/strong> ile modern ve sofistike bir g\u00f6r\u00fcn\u00fcm sunuyor. Heykelsi formu ve derin siyah y\u00fczeyiyle <strong data-start=\"279\" data-end=\"313\">cesur ve zamans\u0131z bir aksesuar<\/strong> arayanlar i\u00e7in tasarland\u0131.<\/p>\n<p data-start=\"344\" data-end=\"427\">Unisex tasar\u0131m\u0131yla hem g\u00fcnl\u00fck hem de \u00f6zel kombinlerinize g\u00fc\u00e7l\u00fc bir dokunu\u015f kat\u0131n!<\/p>\n","protected":false},"featured_media":1241,"comment_status":"open","ping_status":"closed","template":"","meta":[],"product_brand":[],"product_cat":[79,23],"product_tag":[],"class_list":{"0":"post-1240","1":"product","2":"type-product","3":"status-publish","4":"has-post-thumbnail","6":"product_cat-pure","7":"product_cat-gumus-yuzuk","9":"first","10":"instock","11":"sale","12":"taxable","13":"shipping-taxable","14":"purchasable","15":"product-type-simple"},"jetpack_sharing_enabled":true,"_links":{"self":[{"href":"https:\/\/silviaro.com\/tr_tr\/wp-json\/wp\/v2\/product\/1240","targetHints":{"allow":["GET"]}}],"collection":[{"href":"https:\/\/silviaro.com\/tr_tr\/wp-json\/wp\/v2\/product"}],"about":[{"href":"https:\/\/silviaro.com\/tr_tr\/wp-json\/wp\/v2\/types\/product"}],"replies":[{"embeddable":true,"href":"https:\/\/silviaro.com\/tr_tr\/wp-json\/wp\/v2\/comments?post=1240"}],"wp:featuredmedia":[{"embeddable":true,"href":"https:\/\/silviaro.com\/tr_tr\/wp-json\/wp\/v2\/media\/1241"}],"wp:attachment":[{"href":"https:\/\/silviaro.com\/tr_tr\/wp-json\/wp\/v2\/media?parent=1240"}],"wp:term":[{"taxonomy":"product_brand","embeddable":true,"href":"https:\/\/silviaro.com\/tr_tr\/wp-json\/wp\/v2\/product_brand?post=1240"},{"taxonomy":"product_cat","embeddable":true,"href":"https:\/\/silviaro.com\/tr_tr\/wp-json\/wp\/v2\/product_cat?post=1240"},{"taxonomy":"product_tag","embeddable":true,"href":"https:\/\/silviaro.com\/tr_tr\/wp-json\/wp\/v2\/product_tag?post=1240"}],"curies":[{"name":"wp","href":"https:\/\/api.w.org\/{rel}","templated":true}]}}