{"id":1237,"date":"2025-02-28T08:40:55","date_gmt":"2025-02-28T08:40:55","guid":{"rendered":"https:\/\/silviaro.com\/?post_type=product&#038;p=1237"},"modified":"2025-04-07T07:15:45","modified_gmt":"2025-04-07T07:15:45","slug":"pure-koleksiyonu-siyah-rodaj-kaplamali-el-yapimi-gumus-yuzuk","status":"publish","type":"product","link":"https:\/\/silviaro.com\/tr_tr\/product\/pure-koleksiyonu-siyah-rodaj-kaplamali-el-yapimi-gumus-yuzuk\/","title":{"rendered":"Pure Koleksiyonu \u2013 Siyah Rodaj Kaplamal\u0131 El Yap\u0131m\u0131 G\u00fcm\u00fc\u015f Y\u00fcz\u00fck PU005"},"content":{"rendered":"<p data-start=\"74\" data-end=\"313\">Pure Koleksiyonu\u2019nun bu \u00f6zel tasar\u0131m y\u00fcz\u00fc\u011f\u00fc, <strong data-start=\"119\" data-end=\"161\">modern minimalizm ve organik formlar\u0131n<\/strong> g\u00fc\u00e7l\u00fc bir ifadesidir. <strong data-start=\"184\" data-end=\"228\">925 ayar g\u00fcm\u00fc\u015ften tamamen elde \u00fcretilmi\u015f<\/strong> ve y\u00fczeyine uygulanan <strong data-start=\"251\" data-end=\"274\">siyah rodaj kaplama<\/strong> ile zamans\u0131z bir \u015f\u0131kl\u0131k kazanm\u0131\u015ft\u0131r.<\/p>\n<h4 data-start=\"315\" data-end=\"342\"><strong data-start=\"320\" data-end=\"340\">Tasar\u0131m ve \u0130lham<\/strong><\/h4>\n<p data-start=\"343\" data-end=\"689\">Bu y\u00fcz\u00fck, do\u011fadan ilham alan <strong data-start=\"372\" data-end=\"394\">yumu\u015fak k\u0131vr\u0131mlar\u0131<\/strong> ve <strong data-start=\"398\" data-end=\"412\">asimetriyi<\/strong> sanatsal bir yakla\u015f\u0131mla bir araya getiriyor. Ak\u0131c\u0131 formu ve iki farkl\u0131 boyutta \u015fekillendirilmi\u015f y\u00fczeyi sayesinde \u0131\u015f\u0131kla etkile\u015fimi dinamik ve g\u00f6z al\u0131c\u0131d\u0131r. <strong data-start=\"569\" data-end=\"592\">Siyah rodaj kaplama<\/strong>, y\u00fcz\u00fc\u011fe gizemli ve sofistike bir dokunu\u015f ekleyerek klasik g\u00fcm\u00fc\u015f tak\u0131lardan ayr\u0131lmas\u0131n\u0131 sa\u011flar.<\/p>\n<h4 data-start=\"691\" data-end=\"720\"><strong data-start=\"696\" data-end=\"718\">Malzeme ve \u0130\u015f\u00e7ilik<\/strong><\/h4>\n<ul data-start=\"721\" data-end=\"963\">\n<li data-start=\"721\" data-end=\"785\"><strong data-start=\"723\" data-end=\"741\">925 ayar g\u00fcm\u00fc\u015f<\/strong> kullan\u0131larak ustal\u0131kla elde \u00fcretilmi\u015ftir.<\/li>\n<li data-start=\"786\" data-end=\"864\"><strong data-start=\"788\" data-end=\"811\">Siyah rodaj kaplama<\/strong>, y\u00fcz\u00fc\u011fe derinlik katarken oksitlenmeyi geciktirir.<\/li>\n<li data-start=\"865\" data-end=\"963\">Her par\u00e7a, \u00f6zel cilalama teknikleriyle i\u015flenerek <strong data-start=\"916\" data-end=\"952\">y\u00fcksek kaliteli bir y\u00fczey dokusu<\/strong> kazan\u0131r.<\/li>\n<\/ul>\n<h4 data-start=\"965\" data-end=\"990\"><strong data-start=\"970\" data-end=\"988\">Stil \u00d6nerileri<\/strong><\/h4>\n<p data-start=\"991\" data-end=\"1331\">Bu y\u00fcz\u00fck, <strong data-start=\"1001\" data-end=\"1043\">g\u00fc\u00e7l\u00fc ve cesur bir tarz\u0131 benimseyenler<\/strong> i\u00e7in m\u00fckemmel bir se\u00e7imdir. Siyah rodaj kaplamas\u0131 sayesinde klasik g\u00fcm\u00fc\u015f tak\u0131larla kontrast yarat\u0131r ve <strong data-start=\"1147\" data-end=\"1188\">modern, end\u00fcstriyel bir estetik sunar<\/strong>. G\u00fcnl\u00fck kombinlerinize <strong data-start=\"1212\" data-end=\"1237\">sofistike bir dokunu\u015f<\/strong> ekleyebilir ya da gece \u015f\u0131kl\u0131\u011f\u0131n\u0131z\u0131 tamamlayacak iddial\u0131 bir par\u00e7a olarak kullanabilirsiniz.<\/p>\n<h4 data-start=\"1333\" data-end=\"1368\"><strong data-start=\"1338\" data-end=\"1366\">El Yap\u0131m\u0131 &amp; Benzersizlik<\/strong><\/h4>\n<p data-start=\"1369\" data-end=\"1514\">Her y\u00fcz\u00fck, el i\u015f\u00e7ili\u011fiyle \u015fekillendirildi\u011fi i\u00e7in <strong data-start=\"1418\" data-end=\"1451\">k\u00fc\u00e7\u00fck farkl\u0131l\u0131klar i\u00e7erebilir<\/strong> ve bu da onu tamamen <strong data-start=\"1473\" data-end=\"1505\">kendine \u00f6zg\u00fc bir sanat eseri<\/strong> yapar.<\/p>\n<p data-start=\"1516\" data-end=\"1643\"><strong data-start=\"1516\" data-end=\"1641\">G\u00fcm\u00fc\u015f\u00fcn saf \u0131\u015f\u0131lt\u0131s\u0131 ile siyah rodaj\u0131n g\u00fc\u00e7l\u00fc kontrast\u0131n\u0131 ta\u015f\u0131yan bu y\u00fcz\u00fck, modern m\u00fccevher anlay\u0131\u015f\u0131n\u0131 yeniden tan\u0131ml\u0131yor.<\/strong><\/p>\n","protected":false},"excerpt":{"rendered":"<h3 data-start=\"0\" data-end=\"72\"><strong data-start=\"4\" data-end=\"70\">Pure Koleksiyonu \u2013 Siyah Rodaj Kaplamal\u0131 El Yap\u0131m\u0131 G\u00fcm\u00fc\u015f Y\u00fcz\u00fck<\/strong><\/h3>\n<p data-start=\"74\" data-end=\"311\">Minimalist ve organik formlar\u0131n modern yorumu olan bu y\u00fcz\u00fck, <strong data-start=\"135\" data-end=\"179\">925 ayar g\u00fcm\u00fc\u015ften tamamen elde \u00fcretilmi\u015f<\/strong> ve <strong data-start=\"183\" data-end=\"206\">siyah rodaj kaplama<\/strong> ile sofistike bir g\u00f6r\u00fcn\u00fcm kazanm\u0131\u015ft\u0131r. Ak\u0131c\u0131 formu ve mat-siyah y\u00fczeyi, g\u00fc\u00e7l\u00fc ve cesur bir stil sunar.<\/p>\n<p data-start=\"313\" data-end=\"488\">G\u00fcnl\u00fck kombinlerinize zarif bir dokunu\u015f katarken, \u00f6zel g\u00fcnlerde dikkat \u00e7ekici bir aksesuar olarak kullan\u0131labilir. <strong data-start=\"427\" data-end=\"486\">Benzersiz el i\u015f\u00e7ili\u011fiyle \u00fcretilmi\u015f, zamans\u0131z bir par\u00e7a!<\/strong><\/p>\n","protected":false},"featured_media":1239,"comment_status":"open","ping_status":"closed","template":"","meta":[],"product_brand":[],"product_cat":[79,23],"product_tag":[345,305,347,346,348],"class_list":{"0":"post-1237","1":"product","2":"type-product","3":"status-publish","4":"has-post-thumbnail","6":"product_cat-pure","7":"product_cat-gumus-yuzuk","8":"product_tag-el-yapimi-gumus-yuzuk","9":"product_tag-gumus-yuzuk","10":"product_tag-modern-yuzuk","11":"product_tag-ozel-tasarim-yuzuk","12":"product_tag-siyah-rodaj-yuzuk","14":"first","15":"instock","16":"sale","17":"taxable","18":"shipping-taxable","19":"purchasable","20":"product-type-simple"},"jetpack_sharing_enabled":true,"_links":{"self":[{"href":"https:\/\/silviaro.com\/tr_tr\/wp-json\/wp\/v2\/product\/1237","targetHints":{"allow":["GET"]}}],"collection":[{"href":"https:\/\/silviaro.com\/tr_tr\/wp-json\/wp\/v2\/product"}],"about":[{"href":"https:\/\/silviaro.com\/tr_tr\/wp-json\/wp\/v2\/types\/product"}],"replies":[{"embeddable":true,"href":"https:\/\/silviaro.com\/tr_tr\/wp-json\/wp\/v2\/comments?post=1237"}],"wp:featuredmedia":[{"embeddable":true,"href":"https:\/\/silviaro.com\/tr_tr\/wp-json\/wp\/v2\/media\/1239"}],"wp:attachment":[{"href":"https:\/\/silviaro.com\/tr_tr\/wp-json\/wp\/v2\/media?parent=1237"}],"wp:term":[{"taxonomy":"product_brand","embeddable":true,"href":"https:\/\/silviaro.com\/tr_tr\/wp-json\/wp\/v2\/product_brand?post=1237"},{"taxonomy":"product_cat","embeddable":true,"href":"https:\/\/silviaro.com\/tr_tr\/wp-json\/wp\/v2\/product_cat?post=1237"},{"taxonomy":"product_tag","embeddable":true,"href":"https:\/\/silviaro.com\/tr_tr\/wp-json\/wp\/v2\/product_tag?post=1237"}],"curies":[{"name":"wp","href":"https:\/\/api.w.org\/{rel}","templated":true}]}}