{"id":1220,"date":"2025-02-17T17:26:50","date_gmt":"2025-02-17T17:26:50","guid":{"rendered":"https:\/\/silviaro.com\/?post_type=product&#038;p=1220"},"modified":"2025-03-04T11:55:30","modified_gmt":"2025-03-04T11:55:30","slug":"mat-siyah-gumus-yuzuk-pure-koleksiyonu","status":"publish","type":"product","link":"https:\/\/silviaro.com\/tr_tr\/product\/mat-siyah-gumus-yuzuk-pure-koleksiyonu\/","title":{"rendered":"Mat Siyah G\u00fcm\u00fc\u015f Y\u00fcz\u00fck \u2013 &#8220;Pure&#8221; Koleksiyonu PU001"},"content":{"rendered":"<p data-start=\"50\" data-end=\"404\">Minimalizmin g\u00fcc\u00fcn\u00fc ve formlar\u0131n yal\u0131nl\u0131\u011f\u0131n\u0131 vurgulayan <strong data-start=\"106\" data-end=\"131\">Mat Siyah G\u00fcm\u00fc\u015f Y\u00fcz\u00fck<\/strong>, &#8220;Pure&#8221; koleksiyonunun en \u00e7arp\u0131c\u0131 tasar\u0131mlar\u0131ndan biri. <strong data-start=\"188\" data-end=\"206\">925 ayar g\u00fcm\u00fc\u015f<\/strong> ve \u00f6zel <strong data-start=\"215\" data-end=\"236\">mat siyah kaplama<\/strong> ile i\u015flenmi\u015f bu y\u00fcz\u00fck, modern ve g\u00fc\u00e7l\u00fc bir stilin temsilcisi. Zamans\u0131z tasar\u0131m\u0131, klasik ve \u00e7a\u011fda\u015f m\u00fccevher anlay\u0131\u015f\u0131n\u0131 bir araya getirerek her ortamda fark yarat\u0131yor.<\/p>\n<h3 data-start=\"406\" data-end=\"441\"><strong data-start=\"410\" data-end=\"439\">Tasar\u0131m\u0131n Safl\u0131\u011f\u0131 ve G\u00fcc\u00fc<\/strong><\/h3>\n<p data-start=\"442\" data-end=\"658\">&#8220;Pure&#8221; koleksiyonu, tasar\u0131mda sadeli\u011fin ve do\u011fall\u0131\u011f\u0131n en y\u00fcksek ifadesini bulmay\u0131 ama\u00e7lar. <strong data-start=\"533\" data-end=\"558\">Mat Siyah G\u00fcm\u00fc\u015f Y\u00fcz\u00fck<\/strong>, g\u00f6steri\u015ften uzak ama etkileyici bir duru\u015f sergileyerek minimalizmin estetik g\u00fcc\u00fcn\u00fc ortaya koyar.<\/p>\n<ul data-start=\"660\" data-end=\"1339\">\n<li data-start=\"660\" data-end=\"906\"><strong data-start=\"662\" data-end=\"695\">Heykelsi Form ve Ak\u0131c\u0131 Hatlar<\/strong>: Bu y\u00fcz\u00fck, <strong data-start=\"707\" data-end=\"771\">bir b\u00fct\u00fcn gibi g\u00f6r\u00fcnen ancak ak\u0131\u015fkan bir k\u0131vr\u0131mla tamamlanan<\/strong> kesintisiz bir tasar\u0131ma sahiptir. Y\u00fcz\u00fc\u011f\u00fcn formu, modern sanat\u0131n geometrik ve heykelsi yakla\u015f\u0131mlar\u0131ndan ilham alarak olu\u015fturulmu\u015ftur.<\/li>\n<li data-start=\"907\" data-end=\"1208\"><strong data-start=\"909\" data-end=\"953\">Mat Siyah Kaplama ile Derinlikli G\u00f6r\u00fcn\u00fcm<\/strong>: <strong data-start=\"955\" data-end=\"986\">Okside edilmi\u015f g\u00fcm\u00fc\u015f y\u00fczeyi<\/strong>, y\u00fcz\u00fc\u011fe sofistike ve g\u00fc\u00e7l\u00fc bir karakter kazand\u0131r\u0131rken, \u0131\u015f\u0131\u011f\u0131 yumu\u015fak bir \u015fekilde emer ve derinlikli bir duru\u015f sergiler. Bu kaplama, y\u00fcz\u00fc\u011f\u00fcn mat ve p\u00fcr\u00fczs\u00fcz dokusuyla birlikte <strong data-start=\"1162\" data-end=\"1205\">zamans\u0131z ve modern bir hissiyat yarat\u0131r<\/strong>.<\/li>\n<li data-start=\"1209\" data-end=\"1339\"><strong data-start=\"1211\" data-end=\"1238\">925 Ayar G\u00fcm\u00fc\u015f Kalitesi<\/strong>: Y\u00fcz\u00fc\u011f\u00fcn tamam\u0131 <strong data-start=\"1255\" data-end=\"1276\">925 ayar g\u00fcm\u00fc\u015ften<\/strong> \u00fcretilmi\u015f olup, uzun \u00f6m\u00fcrl\u00fc ve dayan\u0131kl\u0131 bir kullan\u0131m sunar.<\/li>\n<\/ul>\n<h3 data-start=\"1341\" data-end=\"1382\"><strong data-start=\"1345\" data-end=\"1380\">El \u0130\u015f\u00e7ili\u011fi ve Sanatsal Dokunu\u015f<\/strong><\/h3>\n<p data-start=\"1383\" data-end=\"1673\">Her <strong data-start=\"1387\" data-end=\"1412\">Mat Siyah G\u00fcm\u00fc\u015f Y\u00fcz\u00fck<\/strong>, el i\u015f\u00e7ili\u011fiyle \u00f6zenle \u015fekillendirilmi\u015ftir. Seri \u00fcretimden uzak, ustalar\u0131n detaylarla ilgilendi\u011fi bu \u00f6zel tasar\u0131m, her y\u00fcz\u00fc\u011f\u00fc e\u015fsiz k\u0131lar. <strong data-start=\"1552\" data-end=\"1606\">Minimalist ama g\u00fc\u00e7l\u00fc bir duru\u015f sergileyen bu y\u00fcz\u00fck<\/strong>, elinize m\u00fckemmel uyum sa\u011flayacak ergonomik bir yap\u0131ya sahiptir.<\/p>\n<h3 data-start=\"1675\" data-end=\"1711\"><strong data-start=\"1679\" data-end=\"1709\">Modern ve Mask\u00fclen Dokunu\u015f<\/strong><\/h3>\n<p data-start=\"1712\" data-end=\"2028\">Bu y\u00fcz\u00fck, <strong data-start=\"1722\" data-end=\"1766\">sade ama iddial\u0131 bir stil arayanlar i\u00e7in<\/strong> m\u00fckemmel bir tamamlay\u0131c\u0131d\u0131r. Hem kad\u0131n hem erkek kullan\u0131c\u0131lar i\u00e7in uygundur ve <strong data-start=\"1846\" data-end=\"1927\">g\u00fcnl\u00fck kullan\u0131mdan \u00f6zel g\u00fcnlere kadar geni\u015f bir stil yelpazesiyle uyum sa\u011flar<\/strong>. Mask\u00fclen ve g\u00fc\u00e7l\u00fc bir estetik sunarken, minimalist detaylar\u0131 sayesinde zarif bir g\u00f6r\u00fcn\u00fcm yarat\u0131r.<\/p>\n<h3 data-start=\"2030\" data-end=\"2066\"><strong data-start=\"2034\" data-end=\"2064\">Anlaml\u0131 ve \u00d6zel Bir Hediye<\/strong><\/h3>\n<p data-start=\"2067\" data-end=\"2355\">G\u00fcm\u00fc\u015f, as\u0131rlard\u0131r <strong data-start=\"2085\" data-end=\"2119\">kararl\u0131l\u0131k, denge ve \u00f6zg\u00fcvenin<\/strong> simgesi olarak kabul edilmi\u015ftir. <strong data-start=\"2153\" data-end=\"2178\">Mat Siyah G\u00fcm\u00fc\u015f Y\u00fcz\u00fck<\/strong>, <strong data-start=\"2180\" data-end=\"2243\">g\u00fc\u00e7l\u00fc bir karakteri ve zarafeti yans\u0131tan anlaml\u0131 bir hediye<\/strong> se\u00e7ene\u011fidir. Kendi stilini sade ama etkileyici bir \u015fekilde ifade etmek isteyen herkes i\u00e7in \u00f6zel bir par\u00e7ad\u0131r.<\/p>\n<h4 data-start=\"2357\" data-end=\"2377\"><strong data-start=\"2362\" data-end=\"2375\">Detaylar:<\/strong><\/h4>\n<ul data-start=\"2378\" data-end=\"2553\">\n<li data-start=\"2378\" data-end=\"2409\"><strong data-start=\"2380\" data-end=\"2392\">Malzeme:<\/strong> 925 ayar g\u00fcm\u00fc\u015f<\/li>\n<li data-start=\"2410\" data-end=\"2457\"><strong data-start=\"2412\" data-end=\"2424\">Kaplama:<\/strong> Okside edilmi\u015f mat siyah y\u00fczey<\/li>\n<li data-start=\"2458\" data-end=\"2502\"><strong data-start=\"2460\" data-end=\"2472\">Tasar\u0131m:<\/strong> Minimalist ve heykelsi form<\/li>\n<li data-start=\"2503\" data-end=\"2528\"><strong data-start=\"2505\" data-end=\"2521\">El i\u015f\u00e7ili\u011fi:<\/strong> Evet<\/li>\n<li data-start=\"2529\" data-end=\"2553\"><strong data-start=\"2531\" data-end=\"2546\">Koleksiyon:<\/strong> Pure<\/li>\n<\/ul>\n<p data-start=\"2555\" data-end=\"2700\" data-is-last-node=\"\">G\u00fc\u00e7l\u00fc ve zamans\u0131z tasar\u0131m\u0131yla <strong data-start=\"2585\" data-end=\"2610\">Mat Siyah G\u00fcm\u00fc\u015f Y\u00fcz\u00fck<\/strong>, <strong data-start=\"2612\" data-end=\"2642\">Silviaro\u2019da sizi bekliyor!<\/strong> \u015eimdi sipari\u015f verin ve saf tasar\u0131m\u0131n esteti\u011fini ke\u015ffedin.<\/p>\n","protected":false},"excerpt":{"rendered":"<p data-start=\"0\" data-end=\"48\"><strong data-start=\"0\" data-end=\"46\">Mat Siyah G\u00fcm\u00fc\u015f Y\u00fcz\u00fck \u2013 &#8220;Pure&#8221; Koleksiyonu<\/strong><\/p>\n<p data-start=\"50\" data-end=\"393\">Minimalist ve g\u00fc\u00e7l\u00fc tasar\u0131m\u0131yla \u00f6ne \u00e7\u0131kan <strong data-start=\"92\" data-end=\"117\">Mat Siyah G\u00fcm\u00fc\u015f Y\u00fcz\u00fck<\/strong>, <strong data-start=\"119\" data-end=\"137\">925 ayar g\u00fcm\u00fc\u015f<\/strong> ve <strong data-start=\"141\" data-end=\"169\">okside mat siyah kaplama<\/strong> ile sofistike bir duru\u015f sergiliyor. Ak\u0131c\u0131 hatlar\u0131 ve heykelsi formu, modern ve zamans\u0131z bir stil yarat\u0131yor. G\u00fcnl\u00fck kullan\u0131mdan \u00f6zel g\u00fcnlere kadar her kombine uyum sa\u011flayan bu y\u00fcz\u00fck, sade ama etkileyici bir \u015f\u0131kl\u0131k sunuyor.<\/p>\n","protected":false},"featured_media":1222,"comment_status":"open","ping_status":"closed","template":"","meta":[],"product_brand":[],"product_cat":[79,23],"product_tag":[309,308,310],"class_list":{"0":"post-1220","1":"product","2":"type-product","3":"status-publish","4":"has-post-thumbnail","6":"product_cat-pure","7":"product_cat-gumus-yuzuk","8":"product_tag-mat-yuzuk","9":"product_tag-siyah-mat-gumus-yuzuk","10":"product_tag-siyah-yuzuk","12":"first","13":"instock","14":"sale","15":"taxable","16":"shipping-taxable","17":"purchasable","18":"product-type-simple"},"jetpack_sharing_enabled":true,"_links":{"self":[{"href":"https:\/\/silviaro.com\/tr_tr\/wp-json\/wp\/v2\/product\/1220","targetHints":{"allow":["GET"]}}],"collection":[{"href":"https:\/\/silviaro.com\/tr_tr\/wp-json\/wp\/v2\/product"}],"about":[{"href":"https:\/\/silviaro.com\/tr_tr\/wp-json\/wp\/v2\/types\/product"}],"replies":[{"embeddable":true,"href":"https:\/\/silviaro.com\/tr_tr\/wp-json\/wp\/v2\/comments?post=1220"}],"wp:featuredmedia":[{"embeddable":true,"href":"https:\/\/silviaro.com\/tr_tr\/wp-json\/wp\/v2\/media\/1222"}],"wp:attachment":[{"href":"https:\/\/silviaro.com\/tr_tr\/wp-json\/wp\/v2\/media?parent=1220"}],"wp:term":[{"taxonomy":"product_brand","embeddable":true,"href":"https:\/\/silviaro.com\/tr_tr\/wp-json\/wp\/v2\/product_brand?post=1220"},{"taxonomy":"product_cat","embeddable":true,"href":"https:\/\/silviaro.com\/tr_tr\/wp-json\/wp\/v2\/product_cat?post=1220"},{"taxonomy":"product_tag","embeddable":true,"href":"https:\/\/silviaro.com\/tr_tr\/wp-json\/wp\/v2\/product_tag?post=1220"}],"curies":[{"name":"wp","href":"https:\/\/api.w.org\/{rel}","templated":true}]}}