{"id":1209,"date":"2025-02-17T13:13:18","date_gmt":"2025-02-17T13:13:18","guid":{"rendered":"https:\/\/silviaro.com\/?post_type=product&#038;p=1209"},"modified":"2025-03-03T13:02:01","modified_gmt":"2025-03-03T13:02:01","slug":"mayorka-inci-yuzuk-genesis-koleksiyonu","status":"publish","type":"product","link":"https:\/\/silviaro.com\/tr_tr\/product\/mayorka-inci-yuzuk-genesis-koleksiyonu\/","title":{"rendered":"Mayorka \u0130nci Y\u00fcz\u00fck \u2013 &#8220;Genesis&#8221; Koleksiyonu GE002"},"content":{"rendered":"<p data-start=\"50\" data-end=\"469\">Do\u011fan\u0131n en zarif arma\u011fanlar\u0131ndan biri olan inci, m\u00fccevher sanat\u0131nda saf \u015f\u0131kl\u0131\u011f\u0131n ve sofistike zarafetin sembol\u00fcd\u00fcr. <strong data-start=\"166\" data-end=\"188\">Mayorka \u0130nci Y\u00fcz\u00fck<\/strong>, &#8220;Genesis&#8221; koleksiyonunun incelikli ve etkileyici tasar\u0131mlar\u0131ndan biri olarak bu e\u015fsiz g\u00fczelli\u011fi modern bir yorumla sunuyor. <strong data-start=\"314\" data-end=\"332\">925 ayar g\u00fcm\u00fc\u015f<\/strong>, <strong data-start=\"334\" data-end=\"351\">alt\u0131n kaplama<\/strong> detaylar ve el i\u015f\u00e7ili\u011fiyle \u00fcretilmi\u015f dokulu y\u00fczey, bu y\u00fcz\u00fc\u011f\u00fc sanat eseri niteli\u011finde bir aksesuar haline getiriyor.<\/p>\n<h3 data-start=\"471\" data-end=\"502\"><strong data-start=\"475\" data-end=\"500\">Tasar\u0131m\u0131n \u0130ncelikleri<\/strong><\/h3>\n<p data-start=\"503\" data-end=\"726\">&#8220;Genesis&#8221; koleksiyonunun \u00f6z\u00fcnde, do\u011fal formlar ve el i\u015f\u00e7ili\u011finin birle\u015fimi yer al\u0131yor. <strong data-start=\"590\" data-end=\"612\">Mayorka \u0130nci Y\u00fcz\u00fck<\/strong>, hem klasik hem de \u00e7a\u011fda\u015f tasar\u0131m anlay\u0131\u015f\u0131n\u0131 bir araya getirerek, sadeli\u011fin i\u00e7indeki zarafeti ortaya \u00e7\u0131kar\u0131yor.<\/p>\n<ul data-start=\"728\" data-end=\"1422\">\n<li data-start=\"728\" data-end=\"966\"><strong data-start=\"730\" data-end=\"761\">Organik Doku ve Modern Form<\/strong>: Y\u00fcz\u00fc\u011f\u00fcn g\u00f6vdesinde kullan\u0131lan \u00f6zel dokulu i\u015f\u00e7ilik, y\u00fczeye karakter katarak zamans\u0131z bir tasar\u0131m sunuyor. Geleneksel y\u00fcz\u00fcklerden ayr\u0131lan bu detay, tak\u0131ya daha do\u011fal ve sanatsal bir g\u00f6r\u00fcn\u00fcm kazand\u0131r\u0131yor.<\/li>\n<li data-start=\"967\" data-end=\"1215\"><strong data-start=\"969\" data-end=\"995\">Mayorka \u0130ncisi \u015e\u0131kl\u0131\u011f\u0131<\/strong>: Yo\u011fun parlakl\u0131\u011f\u0131yla dikkat \u00e7eken <strong data-start=\"1030\" data-end=\"1048\">Mayorka incisi<\/strong>, tasar\u0131m\u0131n merkezinde yer alarak sofistike ve zarif bir duru\u015f sergiliyor. \u0130ncinin p\u00fcr\u00fczs\u00fcz yap\u0131s\u0131, \u0131\u015f\u0131\u011f\u0131 m\u00fckemmel \u015fekilde yans\u0131tarak g\u00f6z al\u0131c\u0131 bir g\u00f6r\u00fcn\u00fcm sa\u011fl\u0131yor.<\/li>\n<li data-start=\"1216\" data-end=\"1422\"><strong data-start=\"1218\" data-end=\"1251\">G\u00fcm\u00fc\u015f ve Alt\u0131n\u0131n Uyumlu Dans\u0131<\/strong>: Y\u00fcz\u00fc\u011f\u00fcn ana g\u00f6vdesi <strong data-start=\"1273\" data-end=\"1294\">925 ayar g\u00fcm\u00fc\u015ften<\/strong> \u00fcretilmi\u015ftir. Alt\u0131n kaplama detaylar ise y\u00fcz\u00fc\u011fe s\u0131cak ve zengin bir kontrast ekleyerek tasar\u0131m\u0131n l\u00fcks alg\u0131s\u0131n\u0131 g\u00fc\u00e7lendiriyor.<\/li>\n<\/ul>\n<h3 data-start=\"1424\" data-end=\"1456\"><strong data-start=\"1428\" data-end=\"1454\">El \u0130\u015f\u00e7ili\u011fi ve Ustal\u0131k<\/strong><\/h3>\n<p data-start=\"1457\" data-end=\"1674\">Mayorka \u0130nci Y\u00fcz\u00fck, seri \u00fcretim yerine <strong data-start=\"1496\" data-end=\"1530\">ustalar\u0131n \u00f6zenle elde i\u015fledi\u011fi<\/strong> bir tasar\u0131ma sahiptir. Dokulu g\u00fcm\u00fc\u015f y\u00fczey, incinin do\u011fal \u0131\u015f\u0131lt\u0131s\u0131n\u0131 \u00f6n plana \u00e7\u0131kar\u0131rken, y\u00fcz\u00fc\u011f\u00fcn her detay\u0131nda el eme\u011finin izleri hissedilir.<\/p>\n<h3 data-start=\"1676\" data-end=\"1721\"><strong data-start=\"1680\" data-end=\"1719\">\u015e\u0131kl\u0131\u011f\u0131n\u0131z\u0131 Tamamlayan Bir M\u00fccevher<\/strong><\/h3>\n<p data-start=\"1722\" data-end=\"2022\">Bu y\u00fcz\u00fck, hem g\u00fcndelik kombinlerinize sofistike bir hava katmak hem de \u00f6zel g\u00fcnlerinizde zarif bir tamamlay\u0131c\u0131 olarak kullanmak i\u00e7in ideal bir se\u00e7imdir. Do\u011fadan ilham alan, organik dokular\u0131n ve klasik m\u00fccevher sanat\u0131n\u0131n birle\u015fimiyle haz\u0131rlanan bu tasar\u0131m, tarz\u0131n\u0131za incelikli bir dokunu\u015f ekleyecek.<\/p>\n<h3 data-start=\"2024\" data-end=\"2061\"><strong data-start=\"2028\" data-end=\"2059\">Anlaml\u0131 ve Zarif Bir Hediye<\/strong><\/h3>\n<p data-start=\"2062\" data-end=\"2257\">Mayorka \u0130nci Y\u00fcz\u00fck, sadece bir aksesuar de\u011fil, ayn\u0131 zamanda sevdi\u011finize verebilece\u011finiz <strong data-start=\"2150\" data-end=\"2180\">\u00f6zel ve anlaml\u0131 bir hediye<\/strong>dir. \u0130ncinin safl\u0131k ve zarafet simgesi olmas\u0131, bu y\u00fcz\u00fc\u011f\u00fc unutulmaz k\u0131lacak.<\/p>\n<h4 data-start=\"2259\" data-end=\"2279\"><strong data-start=\"2264\" data-end=\"2277\">Detaylar:<\/strong><\/h4>\n<ul data-start=\"2280\" data-end=\"2475\">\n<li data-start=\"2280\" data-end=\"2335\"><strong data-start=\"2282\" data-end=\"2294\">Malzeme:<\/strong> 925 ayar g\u00fcm\u00fc\u015f, alt\u0131n kaplama detaylar<\/li>\n<li data-start=\"2336\" data-end=\"2363\"><strong data-start=\"2338\" data-end=\"2346\">Ta\u015f:<\/strong> Mayorka incisi<\/li>\n<li data-start=\"2364\" data-end=\"2421\"><strong data-start=\"2366\" data-end=\"2378\">Tasar\u0131m:<\/strong> Dokulu y\u00fczey, klasik ve modern birle\u015fimi<\/li>\n<li data-start=\"2422\" data-end=\"2447\"><strong data-start=\"2424\" data-end=\"2440\">El i\u015f\u00e7ili\u011fi:<\/strong> Evet<\/li>\n<li data-start=\"2448\" data-end=\"2475\"><strong data-start=\"2450\" data-end=\"2465\">Koleksiyon:<\/strong> Genesis<\/li>\n<\/ul>\n<p data-start=\"2477\" data-end=\"2646\" data-is-last-node=\"\">Zarafetin ve sanatsal tasar\u0131m\u0131n bir araya geldi\u011fi <strong data-start=\"2527\" data-end=\"2549\">Mayorka \u0130nci Y\u00fcz\u00fck<\/strong>, <strong data-start=\"2551\" data-end=\"2581\">Silviaro\u2019da sizi bekliyor!<\/strong> \u015eimdi sipari\u015f verin ve koleksiyonunuza bu e\u015fsiz par\u00e7ay\u0131 ekleyin.<\/p>\n","protected":false},"excerpt":{"rendered":"<p data-start=\"0\" data-end=\"48\"><strong data-start=\"0\" data-end=\"46\">Mayorka \u0130nci Y\u00fcz\u00fck \u2013 &#8220;Genesis&#8221; Koleksiyonu<\/strong><\/p>\n<p data-start=\"50\" data-end=\"451\">Zamans\u0131z zarafetin ve el i\u015f\u00e7ili\u011finin birle\u015fimi olan <strong data-start=\"102\" data-end=\"124\">Mayorka \u0130nci Y\u00fcz\u00fck<\/strong>, <strong data-start=\"126\" data-end=\"144\">925 ayar g\u00fcm\u00fc\u015f<\/strong> ve <strong data-start=\"148\" data-end=\"165\">alt\u0131n kaplama<\/strong> detaylar\u0131yla \u00f6ne \u00e7\u0131k\u0131yor. \u00d6zel dokulu y\u00fczeyi, tasar\u0131ma sanatsal bir karakter katarken, <strong data-start=\"253\" data-end=\"281\">\u0131\u015f\u0131l \u0131\u015f\u0131l Mayorka incisi<\/strong> sofistike bir \u015f\u0131kl\u0131k sunuyor. Hem g\u00fcnl\u00fck stilinize incelikli bir dokunu\u015f eklemek hem de \u00f6zel g\u00fcnlerde zarif bir tamamlay\u0131c\u0131 olarak kullanmak i\u00e7in m\u00fckemmel bir se\u00e7enek.<\/p>\n<p data-start=\"453\" data-end=\"483\" data-is-last-node=\"\"><strong data-start=\"453\" data-end=\"483\" data-is-last-node=\"\">Silviaro\u2019da sizi bekliyor!<\/strong><\/p>\n","protected":false},"featured_media":1211,"comment_status":"open","ping_status":"closed","template":"","meta":[],"product_brand":[],"product_cat":[75,239,23],"product_tag":[305,241,240,306],"class_list":{"0":"post-1209","1":"product","2":"type-product","3":"status-publish","4":"has-post-thumbnail","6":"product_cat-genesis","7":"product_cat-inci","8":"product_cat-gumus-yuzuk","9":"product_tag-gumus-yuzuk","10":"product_tag-inci-altin-kaplama-yuzuk","11":"product_tag-inci-gumus-yuzuk","12":"product_tag-inci-yuzuk","14":"first","15":"instock","16":"sale","17":"taxable","18":"shipping-taxable","19":"purchasable","20":"product-type-simple"},"jetpack_sharing_enabled":true,"_links":{"self":[{"href":"https:\/\/silviaro.com\/tr_tr\/wp-json\/wp\/v2\/product\/1209","targetHints":{"allow":["GET"]}}],"collection":[{"href":"https:\/\/silviaro.com\/tr_tr\/wp-json\/wp\/v2\/product"}],"about":[{"href":"https:\/\/silviaro.com\/tr_tr\/wp-json\/wp\/v2\/types\/product"}],"replies":[{"embeddable":true,"href":"https:\/\/silviaro.com\/tr_tr\/wp-json\/wp\/v2\/comments?post=1209"}],"wp:featuredmedia":[{"embeddable":true,"href":"https:\/\/silviaro.com\/tr_tr\/wp-json\/wp\/v2\/media\/1211"}],"wp:attachment":[{"href":"https:\/\/silviaro.com\/tr_tr\/wp-json\/wp\/v2\/media?parent=1209"}],"wp:term":[{"taxonomy":"product_brand","embeddable":true,"href":"https:\/\/silviaro.com\/tr_tr\/wp-json\/wp\/v2\/product_brand?post=1209"},{"taxonomy":"product_cat","embeddable":true,"href":"https:\/\/silviaro.com\/tr_tr\/wp-json\/wp\/v2\/product_cat?post=1209"},{"taxonomy":"product_tag","embeddable":true,"href":"https:\/\/silviaro.com\/tr_tr\/wp-json\/wp\/v2\/product_tag?post=1209"}],"curies":[{"name":"wp","href":"https:\/\/api.w.org\/{rel}","templated":true}]}}