{"id":1107,"date":"2025-02-09T10:26:01","date_gmt":"2025-02-09T10:26:01","guid":{"rendered":"https:\/\/silviaro.com\/?post_type=product&#038;p=1107"},"modified":"2025-02-21T10:51:48","modified_gmt":"2025-02-21T10:51:48","slug":"labradorit-turmalin-ve-pirlanta-tasli-yuzuk-gumus-ve-18-ayar-altin-gold-lava-koleksiyonu","status":"publish","type":"product","link":"https:\/\/silviaro.com\/tr_tr\/product\/labradorit-turmalin-ve-pirlanta-tasli-yuzuk-gumus-ve-18-ayar-altin-gold-lava-koleksiyonu\/","title":{"rendered":"Labradorit, Turmalin ve P\u0131rlanta Ta\u015fl\u0131 Y\u00fcz\u00fck \u2013 G\u00fcm\u00fc\u015f ve 18 Ayar Alt\u0131n, Gold Lava Koleksiyonu"},"content":{"rendered":"<p>Gold Lava Koleksiyonu\u2019nun e\u015fsiz bir par\u00e7as\u0131 olan bu y\u00fcz\u00fck, do\u011fal g\u00fczellik ve ince i\u015f\u00e7ili\u011fin \u00e7arp\u0131c\u0131 bir birle\u015fimini sunuyor. Ana ta\u015f olarak kullan\u0131lan labradorit, \u0131\u015f\u0131\u011f\u0131n a\u00e7\u0131s\u0131na ba\u011fl\u0131 olarak lacivert ve mavi tonlar\u0131nda b\u00fcy\u00fcleyici bir parlakl\u0131k sergilerken farkl\u0131 a\u00e7\u0131lardan siyah tonlara b\u00fcr\u00fcnerek mistik bir hava yarat\u0131r. Yan\u0131nda bulunan pembe turmalin ta\u015f\u0131, tasar\u0131ma s\u0131cak bir kontrast kazand\u0131r\u0131rken, p\u0131rlanta detaylar y\u00fcz\u00fc\u011fe zarif bir \u0131\u015f\u0131lt\u0131 kat\u0131yor.<\/p>\n<p>Bu \u00f6zel tasar\u0131mda oksitlenmi\u015f g\u00fcm\u00fc\u015f ve 18 ayar alt\u0131n detaylar bir arada kullan\u0131lm\u0131\u015ft\u0131r. Alt\u0131n \u00e7er\u00e7eve, labradoritin do\u011fal renk oyunlar\u0131n\u0131 vurgularken modern ve sanatsal bir estetik sunar. Yan duvar \u00fczerinde yer alan p\u0131rlanta dizisi, y\u00fcz\u00fc\u011f\u00fcn tasar\u0131m\u0131na sofistike bir dokunu\u015f ekler.<\/p>\n<p>Her y\u00fcz\u00fck, do\u011fal ta\u015flar\u0131n e\u015fsiz yap\u0131s\u0131na uygun olarak elde tek tek haz\u0131rlan\u0131r. Tasar\u0131m, do\u011fan\u0131n g\u00fcc\u00fcn\u00fc ve \u015f\u0131kl\u0131\u011f\u0131 ayn\u0131 anda ta\u015f\u0131yan zarif bir sanat eseri niteli\u011findedir. G\u00fcnl\u00fck stilinizi y\u00fckseltecek veya \u00f6zel anlar\u0131n\u0131z\u0131 ta\u00e7land\u0131racak bu y\u00fcz\u00fck, karakterinizi ve stilinizi g\u00fc\u00e7l\u00fc bir \u015fekilde ifade eder.<\/p>\n<p><strong>Bak\u0131m ve Kullan\u0131m \u00d6nerileri:<\/strong><br \/>\nY\u00fcz\u00fc\u011f\u00fcn\u00fcz\u00fcn do\u011fal ta\u015flar\u0131n\u0131n ve de\u011ferli metal detaylar\u0131n\u0131n korunmas\u0131 i\u00e7in parf\u00fcm, kimyasal maddeler ve sert darbelerden uzak tutulmas\u0131n\u0131 \u00f6neririz. Hafif nemli bir bezle nazik\u00e7e temizleyebilirsiniz.<\/p>\n","protected":false},"excerpt":{"rendered":"<p><strong>Labradorit, Turmalin ve P\u0131rlanta Ta\u015fl\u0131 Y\u00fcz\u00fck \u2013 G\u00fcm\u00fc\u015f ve 18 Ayar Alt\u0131n, Gold Lava Koleksiyonu<\/strong><\/p>\n<p>Gold Lava Koleksiyonu\u2019nun bu \u00f6zel tasar\u0131m\u0131, \u0131\u015f\u0131\u011fa g\u00f6re renk de\u011fi\u015ftiren labradorit ana ta\u015f\u0131, pembe turmalin ve p\u0131rlanta detaylar\u0131yla \u00f6ne \u00e7\u0131k\u0131yor. G\u00fcm\u00fc\u015f ve 18 ayar alt\u0131n\u0131n modern dokunu\u015fuyla haz\u0131rlanm\u0131\u015f y\u00fcz\u00fck, sanatsal ve zarif bir tasar\u0131m sunuyor. Her y\u00fcz\u00fck, do\u011fal ta\u015flar\u0131n e\u015fsiz yap\u0131s\u0131na uygun olarak elde haz\u0131rlan\u0131r. G\u00fcnl\u00fck stilinize \u015f\u0131kl\u0131k katmak i\u00e7in idealdir.<\/p>\n","protected":false},"featured_media":1108,"comment_status":"open","ping_status":"closed","template":"","meta":[],"product_brand":[],"product_cat":[76,287,246,23],"product_tag":[297,296,298,292,247],"class_list":{"0":"post-1107","1":"product","2":"type-product","3":"status-publish","4":"has-post-thumbnail","6":"product_cat-gold-lava","7":"product_cat-labradorit","8":"product_cat-turmalin","9":"product_cat-gumus-yuzuk","10":"product_tag-labradorit-altin-yuzuk","11":"product_tag-labradorit-gumus-yuzuk","12":"product_tag-pirlanta-altin-yuzuk","13":"product_tag-turmalin-altin-yuzuk","14":"product_tag-turmalin-gumus-yuzuk","16":"first","17":"instock","18":"sale","19":"taxable","20":"shipping-taxable","21":"purchasable","22":"product-type-simple"},"jetpack_sharing_enabled":true,"_links":{"self":[{"href":"https:\/\/silviaro.com\/tr_tr\/wp-json\/wp\/v2\/product\/1107","targetHints":{"allow":["GET"]}}],"collection":[{"href":"https:\/\/silviaro.com\/tr_tr\/wp-json\/wp\/v2\/product"}],"about":[{"href":"https:\/\/silviaro.com\/tr_tr\/wp-json\/wp\/v2\/types\/product"}],"replies":[{"embeddable":true,"href":"https:\/\/silviaro.com\/tr_tr\/wp-json\/wp\/v2\/comments?post=1107"}],"wp:featuredmedia":[{"embeddable":true,"href":"https:\/\/silviaro.com\/tr_tr\/wp-json\/wp\/v2\/media\/1108"}],"wp:attachment":[{"href":"https:\/\/silviaro.com\/tr_tr\/wp-json\/wp\/v2\/media?parent=1107"}],"wp:term":[{"taxonomy":"product_brand","embeddable":true,"href":"https:\/\/silviaro.com\/tr_tr\/wp-json\/wp\/v2\/product_brand?post=1107"},{"taxonomy":"product_cat","embeddable":true,"href":"https:\/\/silviaro.com\/tr_tr\/wp-json\/wp\/v2\/product_cat?post=1107"},{"taxonomy":"product_tag","embeddable":true,"href":"https:\/\/silviaro.com\/tr_tr\/wp-json\/wp\/v2\/product_tag?post=1107"}],"curies":[{"name":"wp","href":"https:\/\/api.w.org\/{rel}","templated":true}]}}